{"id":6925,"date":"2023-12-29T19:06:11","date_gmt":"2023-12-29T17:06:11","guid":{"rendered":"https:\/\/www.larrydance.com\/tienda\/?post_type=product&#038;p=6925"},"modified":"2025-07-06T12:31:22","modified_gmt":"2025-07-06T10:31:22","slug":"mas-alla-de-mis-abismos","status":"publish","type":"product","link":"https:\/\/larrydance.com\/tienda\/producto\/mas-alla-de-mis-abismos\/","title":{"rendered":"M\u00e1s All\u00e1 de mis Abismos"},"content":{"rendered":"<p>Fue publicado el 28 de diciembre de 2023, para su descarga digital a trav\u00e9s de Internet.<\/p>\n<p>Las bases instrumentales fueron compuestas por Larry \u201cEl Mafias\u201d. La grabaci\u00f3n de las voces, la mezcla y el masterizado del trabajo lo realiz\u00f3 Larry Dance en Parda 13 Records.<\/p>\n<p>Un disco de rap crudo y oscuro, que recoge instrumentales producidas entre 2018 y 2023, con aportes de Mar\u00eda de la Calle y Zarcarcano para la creaci\u00f3n de las progresiones de acordes de algunos beats. Adem\u00e1s, contiene el tema \u201cIntransigente\u201d, cuya letra es una adaptaci\u00f3n de la obra \u201cEl desnudo de las ballenas\u201d de Mamen Moreno (poetisa vallisoletana), en colaboraci\u00f3n con \u00e9sta para su composici\u00f3n l\u00edrica.<\/p>\n<p>Los beats del \u00e1lbum recorren sonidos con influencias que abarcan desde el\u00a0<em>gangsta rap<\/em>, el\u00a0<em>hardcore rap<\/em>\u00a0y el\u00a0<em>boom bap<\/em>\u00a0m\u00e1s cl\u00e1sicos, pasando por el <em>breakbeat<\/em> y el <em>drum and bass<\/em>, coqueteando con el <em>reggae<\/em> y abrazando, tambi\u00e9n, el <em>R\u2019n\u2019B<\/em> para el r\u00e9quiem \u201cCruzando el Valle\u201d, compuesto tras la p\u00e9rdida de una gran amiga de Larry.<\/p>\n<p>Este disco es una obra muy cruda y sus versos est\u00e1n repletos de pasajes que muestran la neurosis del artista y los mecanismos de defensa naturales que surgieron ante ciertos envites de la vida.<\/p>\n","protected":false},"excerpt":{"rendered":"<p><strong>Tracklist:<\/strong><\/p>\n<p>01 PAR\u00c1SITOS<br \/>\n02 NUEVE TRAIDORES EN SU SITIO<br \/>\n03 INTRANSIGENTE<br \/>\n04 RAP DE BATALLA B\u00c1SICO<br \/>\n05 ENFOQUE DISPERSO<br \/>\n06 MORAL DE BARRIO<br \/>\n07 BHASMA<br \/>\n08 LA VIL MASCARADA<br \/>\n09 SEMILLA DE ESPERANZACENIZAS DE RA\u00cdCES<br \/>\n10 CRUZANDO EL VALLE<br \/>\n11 FUE UNA PUTADA SER YO<br \/>\n12 EXTRA\u00d1O HAZ DE LUZ DISTANTE<br \/>\n13 ASALTO GENERACIONAL<br \/>\n14 NADIE CANTA YA AL AMOR<\/p>\n","protected":false},"featured_media":6926,"comment_status":"open","ping_status":"closed","template":"","meta":[],"product_brand":[],"product_cat":[13],"product_tag":[],"class_list":{"0":"post-6925","1":"product","2":"type-product","3":"status-publish","4":"has-post-thumbnail","6":"product_cat-discos","8":"first","9":"instock","10":"downloadable","11":"shipping-taxable","12":"product-type-external"},"_links":{"self":[{"href":"https:\/\/larrydance.com\/tienda\/wp-json\/wp\/v2\/product\/6925","targetHints":{"allow":["GET"]}}],"collection":[{"href":"https:\/\/larrydance.com\/tienda\/wp-json\/wp\/v2\/product"}],"about":[{"href":"https:\/\/larrydance.com\/tienda\/wp-json\/wp\/v2\/types\/product"}],"replies":[{"embeddable":true,"href":"https:\/\/larrydance.com\/tienda\/wp-json\/wp\/v2\/comments?post=6925"}],"wp:featuredmedia":[{"embeddable":true,"href":"https:\/\/larrydance.com\/tienda\/wp-json\/wp\/v2\/media\/6926"}],"wp:attachment":[{"href":"https:\/\/larrydance.com\/tienda\/wp-json\/wp\/v2\/media?parent=6925"}],"wp:term":[{"taxonomy":"product_brand","embeddable":true,"href":"https:\/\/larrydance.com\/tienda\/wp-json\/wp\/v2\/product_brand?post=6925"},{"taxonomy":"product_cat","embeddable":true,"href":"https:\/\/larrydance.com\/tienda\/wp-json\/wp\/v2\/product_cat?post=6925"},{"taxonomy":"product_tag","embeddable":true,"href":"https:\/\/larrydance.com\/tienda\/wp-json\/wp\/v2\/product_tag?post=6925"}],"curies":[{"name":"wp","href":"https:\/\/api.w.org\/{rel}","templated":true}]}}