{"id":6889,"date":"2020-03-26T00:00:35","date_gmt":"2020-03-25T22:00:35","guid":{"rendered":"http:\/\/www.larrydance.com\/tienda\/?post_type=product&#038;p=6889"},"modified":"2024-01-01T18:02:07","modified_gmt":"2024-01-01T16:02:07","slug":"la-sonrisa-del-gaznapiro","status":"publish","type":"product","link":"https:\/\/larrydance.com\/tienda\/producto\/la-sonrisa-del-gaznapiro\/","title":{"rendered":"La Sonrisa del Gazn\u00e1piro"},"content":{"rendered":"<p>Fue publicado el 26 de marzo de 2020, para su consumo y descarga a trav\u00e9s de Internet.<\/p>\n<p>Las bases instrumentales fueron compuestas por Larry \u201cEl Mafias\u201d. La grabaci\u00f3n de las voces, la mezcla y el masterizado del trabajo lo realiz\u00f3 Larry Dance en Parda 13 Records.<\/p>\n<p>El primer disco Hip-Hop\/Ragga completamente producido por \u00e9l. Repleto de bases instrumentales oscuras y melanc\u00f3licas que dieron lugar a este \u00e1lbum, lleno de armon\u00edas vocales y experimentos personales, con diferentes t\u00e9cnicas y estilos de canto.<\/p>\n<p>Poemas muy medidos, para crear im\u00e1genes mentales que acerquen el Universo de las ideas del autor a los oyentes de la forma m\u00e1s precisa posible.<\/p>\n<p>Durante su creaci\u00f3n hubo numerosos imprevistos como, por ejemplo, dos mudanzas, un paseo por el quir\u00f3fano y un ingreso de gravedad en el hospital, el nacimiento de un hijo, la p\u00e9rdida de la familia de sangre, una carrera universitaria\u2026 Motivos que retrasaron la salida del trabajo casi dos a\u00f1os desde su fecha prevista de publicaci\u00f3n.<\/p>\n","protected":false},"excerpt":{"rendered":"<p><strong>Tracklist:<\/strong><\/p>\n<p>01 INTRO EN OTRO BARRIO<br \/>\n02 AMOS, PERROS E INCONFORMES II<br \/>\n03 MIRANDO A LA SOMBRA<br \/>\n04 EN SU BA\u00daL<br \/>\n05 SANGRE HIP\u00d3CRITA II<br \/>\n06 LA NI\u00d1A GUAPA<br \/>\n07 H\u00c9ROES EN CAJAS<br \/>\n08 PASADOS INGRATOS<br \/>\n09 VINE DE UN INFIERNO II<br \/>\n10 MI LUZ<br \/>\n11 RUIDO<br \/>\n12 CORAZ\u00d3N BLANDITO<br \/>\n13 LA SONRISA DEL GAZN\u00c1PIRO<br \/>\n14 HERIDAS REABIERTAS<\/p>\n","protected":false},"featured_media":6907,"comment_status":"open","ping_status":"closed","template":"","meta":[],"product_brand":[],"product_cat":[13],"product_tag":[],"class_list":{"0":"post-6889","1":"product","2":"type-product","3":"status-publish","4":"has-post-thumbnail","6":"product_cat-discos","8":"first","9":"instock","10":"shipping-taxable","11":"product-type-external"},"_links":{"self":[{"href":"https:\/\/larrydance.com\/tienda\/wp-json\/wp\/v2\/product\/6889","targetHints":{"allow":["GET"]}}],"collection":[{"href":"https:\/\/larrydance.com\/tienda\/wp-json\/wp\/v2\/product"}],"about":[{"href":"https:\/\/larrydance.com\/tienda\/wp-json\/wp\/v2\/types\/product"}],"replies":[{"embeddable":true,"href":"https:\/\/larrydance.com\/tienda\/wp-json\/wp\/v2\/comments?post=6889"}],"wp:featuredmedia":[{"embeddable":true,"href":"https:\/\/larrydance.com\/tienda\/wp-json\/wp\/v2\/media\/6907"}],"wp:attachment":[{"href":"https:\/\/larrydance.com\/tienda\/wp-json\/wp\/v2\/media?parent=6889"}],"wp:term":[{"taxonomy":"product_brand","embeddable":true,"href":"https:\/\/larrydance.com\/tienda\/wp-json\/wp\/v2\/product_brand?post=6889"},{"taxonomy":"product_cat","embeddable":true,"href":"https:\/\/larrydance.com\/tienda\/wp-json\/wp\/v2\/product_cat?post=6889"},{"taxonomy":"product_tag","embeddable":true,"href":"https:\/\/larrydance.com\/tienda\/wp-json\/wp\/v2\/product_tag?post=6889"}],"curies":[{"name":"wp","href":"https:\/\/api.w.org\/{rel}","templated":true}]}}