{"id":6888,"date":"2020-12-28T00:00:33","date_gmt":"2020-12-27T22:00:33","guid":{"rendered":"http:\/\/www.larrydance.com\/tienda\/?post_type=product&#038;p=6888"},"modified":"2024-01-01T18:02:26","modified_gmt":"2024-01-01T16:02:26","slug":"rapertimesia","status":"publish","type":"product","link":"https:\/\/larrydance.com\/tienda\/producto\/rapertimesia\/","title":{"rendered":"Rapertimesia"},"content":{"rendered":"<p>Fue publicado el 28 de diciembre de 2020, para su descarga digital a trav\u00e9s de Internet.<\/p>\n<p>Las bases instrumentales fueron compuestas por Larry \u201cEl Mafias\u201d. La grabaci\u00f3n de las voces, la mezcla y el masterizado del trabajo lo realiz\u00f3 Larry Dance en Parda 13 Records.<\/p>\n<p>Un disco de rap elaborado, mayormente, durante el a\u00f1o de la pandemia de la Covid-19, que incluye dos temas creados con artistas internacionales durante el confinamiento, debido al Estado de Alarma del pa\u00eds.<\/p>\n<p>Los beats creados para este trabajo tienen pinceladas de EDM integradas en un eclecticismo musical variopinto que, con sencillez, a\u00fana y reconduce los sonidos hacia las sensaciones m\u00e1s tradicionales del sonido, de car\u00e1cter oscuro y melanc\u00f3lico, t\u00edpico del sello del artista.<\/p>\n<p>Un disco que supone una vuelta al rap puro, por parte de Larry, con algunos momentos en los que el artista incluye ragga, o cierta melod\u00eda, en momentos concreto de las voces, o en algunos backlines.<\/p>\n<p>El track 15, LOCKDOWN POETS, fue publicado el 3 de mayo de 2020 en formato videoclip. Los v\u00eddeos y la grabaci\u00f3n de audios fue realizada con la tecnolog\u00eda con que los participantes contaban en sus domicilios, y con mucho esfuerzo e ilusi\u00f3n por parte de todos. La base instrumental que da soporte al conjunto fue creada por Larry Dance, quien invit\u00f3 a participar a todos los artistas que aparecen en el v\u00eddeo y cuya suma de talentos hizo posible que el proyecto creciese hasta conformar el gran resultado final. Todas las aportaciones instrumentales son obras originales de los m\u00fasicos implicados y los poemas son originales de sus autores.<\/p>\n<p>El Track 12, VAMOS A SALIR, fue publicado el 5 de mayo de 2020 en formato videoclip, para la iniciativa Covidsounds, creada para recaudar fondos contra la pandemia mundial del Covid-19, en favor de M\u00e9dicos sin Fronteras. El director del proyecto nos present\u00f3 y uni\u00f3 virtualmente y el track fue la obra conjunta de artistas de Espa\u00f1a y de los Estados Unidos Mexicanos.<\/p>\n","protected":false},"excerpt":{"rendered":"<p><strong>Tracklist:<\/strong><\/p>\n<p>01 EL CRUDO PREFACIO<br \/>\n02 PILLA<br \/>\n03 RAPERTIMESIA<br \/>\n04 AIRE VICIADO<br \/>\n05 HAMBRE DE PANGOL\u00cdN<br \/>\n06 ESCOGIDO POR MI DON<br \/>\n07 RAPEROS DE ANTA\u00d1O<br \/>\n08 LA DAMA ESQUIZOIDE<br \/>\n09 SEMILLA DE ESPERANZA<br \/>\n10 LA MISMA ATM\u00d3SFERA<br \/>\n11 SIN REBAJA<br \/>\n12 VAMOS A SALIR<br \/>\n13 ILETRADOS ABANDERADOS<br \/>\n14 LOCKDOWN POETS<\/p>\n","protected":false},"featured_media":6908,"comment_status":"open","ping_status":"closed","template":"","meta":[],"product_brand":[],"product_cat":[13],"product_tag":[],"class_list":{"0":"post-6888","1":"product","2":"type-product","3":"status-publish","4":"has-post-thumbnail","6":"product_cat-discos","8":"first","9":"instock","10":"shipping-taxable","11":"product-type-external"},"_links":{"self":[{"href":"https:\/\/larrydance.com\/tienda\/wp-json\/wp\/v2\/product\/6888","targetHints":{"allow":["GET"]}}],"collection":[{"href":"https:\/\/larrydance.com\/tienda\/wp-json\/wp\/v2\/product"}],"about":[{"href":"https:\/\/larrydance.com\/tienda\/wp-json\/wp\/v2\/types\/product"}],"replies":[{"embeddable":true,"href":"https:\/\/larrydance.com\/tienda\/wp-json\/wp\/v2\/comments?post=6888"}],"wp:featuredmedia":[{"embeddable":true,"href":"https:\/\/larrydance.com\/tienda\/wp-json\/wp\/v2\/media\/6908"}],"wp:attachment":[{"href":"https:\/\/larrydance.com\/tienda\/wp-json\/wp\/v2\/media?parent=6888"}],"wp:term":[{"taxonomy":"product_brand","embeddable":true,"href":"https:\/\/larrydance.com\/tienda\/wp-json\/wp\/v2\/product_brand?post=6888"},{"taxonomy":"product_cat","embeddable":true,"href":"https:\/\/larrydance.com\/tienda\/wp-json\/wp\/v2\/product_cat?post=6888"},{"taxonomy":"product_tag","embeddable":true,"href":"https:\/\/larrydance.com\/tienda\/wp-json\/wp\/v2\/product_tag?post=6888"}],"curies":[{"name":"wp","href":"https:\/\/api.w.org\/{rel}","templated":true}]}}