{"id":6878,"date":"2017-12-29T17:47:28","date_gmt":"2017-12-29T17:47:28","guid":{"rendered":"http:\/\/www.larrydance.com\/tienda\/?post_type=product&#038;p=6878"},"modified":"2024-01-01T18:01:54","modified_gmt":"2024-01-01T16:01:54","slug":"la-voz-de-la-caterva","status":"publish","type":"product","link":"https:\/\/larrydance.com\/tienda\/producto\/la-voz-de-la-caterva\/","title":{"rendered":"La Voz de la Caterva"},"content":{"rendered":"<p>Fue publicado el 29\u00a0de Diciembre de 2017, para ser difundido en Internet.<\/p>\n<p>Las bases instrumentales fueron compuestas por Larry \u201cEl Mafias\u201d. La grabaci\u00f3n de las voces, la mezcla y el masterizado del trabajo lo realiz\u00f3 Larry Dance en Parda 13 Records.<\/p>\n<p>El trabajo re\u00fane algunas ideas musicales descartadas de sus \u00faltimos cuatro discos, y muchas bases creadas para la ocasi\u00f3n, confeccionando un \u00e1lbum donde se mezclan sonidos mel\u00f3dicos, nost\u00e1lgicos, potentes y agresivos a partes iguales.<\/p>\n<p>Rap y ragga se entremezclan para crear un disco que abarca multitud de g\u00e9neros entre sus instrumentales y que, seguramente, har\u00e1 las delicias de los amantes de las fusiones musicales sobre las que Larry suele concebir sus poemas.<\/p>\n<p>El mensaje esencial del disco es: vivir, exprimir la vida, orde\u00f1arla literalmente y drenar todos sus jugos sobre una boca sedienta de emociones fuertes. Ser feliz es un derecho y una obligaci\u00f3n b\u00e1sica de todos los humanos, y con este disco, Larry\u00a0 trata de dejarlo claro con 16 canciones que revelan el lado oscuro de las emociones y las v\u00edas de escape alternativas, codificadas en sus versos de rap crudo y real.<\/p>\n<p>Contiene una gran parte de rimas que retornan las ra\u00edces mejor ancladas de su estilo, y otra parte de exploraci\u00f3n psicoac\u00fastica, con ritmos y m\u00e9tricas que llevan lejos de todo a las mentes despiertas.<\/p>\n<p>&nbsp;<\/p>\n<p>&nbsp;<\/p>\n","protected":false},"excerpt":{"rendered":"<p><strong>Tracklist:<\/strong><\/p>\n<p>01\u00a0LA VOZ DE LA CATERVA<br \/>\n02\u00a0RAP DEL 13<br \/>\n03\u00a0CUPO LLENO<br \/>\n04 #HASHTAGLOSCOJONES<br \/>\n05 SIN OX\u00cdGENO<br \/>\n06 NI UNA PALABRA<br \/>\n07 CARPE DIEM<br \/>\n08 PROHIBICIONES<br \/>\n09\u00a0AS\u00cd VA LA MIERDA<br \/>\n10 EL PRIMER PASO<br \/>\n11 EL AGENTE 013<br \/>\n12 DAME M\u00c1S<br \/>\n13 INVIERNO<br \/>\n14 RIMAS SIN RIVAL<br \/>\n15 RIP BIC<br \/>\n16 ANT\u00cdTESIS<\/p>\n","protected":false},"featured_media":6879,"comment_status":"open","ping_status":"closed","template":"","meta":[],"product_brand":[],"product_cat":[13],"product_tag":[],"class_list":{"0":"post-6878","1":"product","2":"type-product","3":"status-publish","4":"has-post-thumbnail","6":"product_cat-discos","8":"first","9":"instock","10":"shipping-taxable","11":"product-type-external"},"_links":{"self":[{"href":"https:\/\/larrydance.com\/tienda\/wp-json\/wp\/v2\/product\/6878","targetHints":{"allow":["GET"]}}],"collection":[{"href":"https:\/\/larrydance.com\/tienda\/wp-json\/wp\/v2\/product"}],"about":[{"href":"https:\/\/larrydance.com\/tienda\/wp-json\/wp\/v2\/types\/product"}],"replies":[{"embeddable":true,"href":"https:\/\/larrydance.com\/tienda\/wp-json\/wp\/v2\/comments?post=6878"}],"wp:featuredmedia":[{"embeddable":true,"href":"https:\/\/larrydance.com\/tienda\/wp-json\/wp\/v2\/media\/6879"}],"wp:attachment":[{"href":"https:\/\/larrydance.com\/tienda\/wp-json\/wp\/v2\/media?parent=6878"}],"wp:term":[{"taxonomy":"product_brand","embeddable":true,"href":"https:\/\/larrydance.com\/tienda\/wp-json\/wp\/v2\/product_brand?post=6878"},{"taxonomy":"product_cat","embeddable":true,"href":"https:\/\/larrydance.com\/tienda\/wp-json\/wp\/v2\/product_cat?post=6878"},{"taxonomy":"product_tag","embeddable":true,"href":"https:\/\/larrydance.com\/tienda\/wp-json\/wp\/v2\/product_tag?post=6878"}],"curies":[{"name":"wp","href":"https:\/\/api.w.org\/{rel}","templated":true}]}}