{"id":6858,"date":"2016-12-25T22:23:37","date_gmt":"2016-12-25T22:23:37","guid":{"rendered":"http:\/\/www.larrydance.com\/tienda\/?post_type=product&#038;p=6858"},"modified":"2024-01-01T18:01:32","modified_gmt":"2024-01-01T16:01:32","slug":"en-clave-baja","status":"publish","type":"product","link":"https:\/\/larrydance.com\/tienda\/producto\/en-clave-baja\/","title":{"rendered":"En Clave Baja"},"content":{"rendered":"<p>Fue publicado el 25\u00a0de Diciembre de 2016, para ser difundido en Internet.<\/p>\n<p>Las bases instrumentales fueron compuestas por Larry \u201cEl Mafias\u201d, con la colaboraci\u00f3n puntual de amigos m\u00fasicos, excepto los temas 8 y 11 que son beats de uso libre descargados de Internet de beatmakers\u00a0americanos. La grabaci\u00f3n de las voces. la mezcla y el masterizado del trabajo lo realiz\u00f3 Larry Dance en Parda 13 Records. De la producci\u00f3n, tan s\u00f3lo destacar que en el tema 05 SIN PORQU\u00c9, Larry se lanz\u00f3 por primera vez en su trayectoria para grabar una guitarra el\u00e9ctrica real interpretada por \u00e9l mismo en dicho\u00a0tema.<\/p>\n<p>El trabajo comenz\u00f3 a gestarse a finales de Diciembre de 2015, durante los \u00faltimos d\u00edas de vida de su padre y mientras trabajaba arduamente por iluminar su vida y re-enfocar todo lo que hab\u00eda destruido durante a\u00f1os. Supervisado por profesionales del Crecimiento Personal, la Biodescodificaci\u00f3n y el Yoga y la meditaci\u00f3n, Larry se sinti\u00f3 inspirado y reforzado por la energ\u00eda que aprendi\u00f3 a sentir en s\u00ed, al entender nuestro enlace con el todo a otro nivel. Decidido a tomar el control sobre todos los campos de su Ser,\u00a0Larry comenz\u00f3 a fluir de una forma distinta a lo habitual, creando este disco impregnado de paz, energ\u00eda y luz para servir de apoyo a quien vague en la tristeza y mostrarle caminos distintos para ser una persona diferente y brillante. Todos son bienvenidos a este disco, libre de toda carga de maldad, las emociones se suceder\u00e1n en este trabajo que, siendo el LP n\u00famero 17 del artista vallisoletano, nos muestra su lado m\u00e1s emocional hasta la fecha. Quedar\u00e1n lejos los llantos adolescentes y el victimismo f\u00e1cil, fruto del profundo desconocimiento de s\u00ed mismo que\u00a0ten\u00eda como el 90% de los humanos de Occidente.<\/p>\n<p>Rap maduro y distinto para quien sepa valorar la poes\u00eda y las letras con alma detr\u00e1s, m\u00fasica de culto o de autor, personal y densa para hacer pensar al oyente, pero sin perder ese toque de barrio humilde que siempre ba\u00f1a las rimas del rapero del 13!<br \/>\nOs invito a re-descubrir su poes\u00eda, en un nuevo nivel, m\u00e1s libre y aut\u00e9ntico.<\/p>\n<p>Agradecimiento de coraz\u00f3n, a Nuxi, Francisco, Jorge, Eva \u00a0y Ana B. por\u00a0hacerme renacer para escribir este disco tan aut\u00e9ntico y emocional.<\/p>\n<p>&nbsp;<\/p>\n","protected":false},"excerpt":{"rendered":"<p><strong>Tracklist:<\/strong><\/p>\n<p>01\u00a0INTROYECTOS MALDITOS<br \/>\n02\u00a0CIUDAD VANIDAD<br \/>\n03\u00a0SANGRE HIP\u00d3CRITA<br \/>\n04 RE\u00cdR POR NO LLORAR<br \/>\n05 SIN PORQU\u00c9<br \/>\n06 NI\u00d1O M\u00cdO<br \/>\n07 SIMIOS (SKIT)<br \/>\n08\u00a0RAPER\u00d3TICO<br \/>\n09\u00a0ARIES COMESTIBLE<br \/>\n10 DRUIDAS DE LA EMOCI\u00d3N CONSCIENTE<br \/>\n11 EN CLAVE BAJA<br \/>\n12 REALIDAD VOL. 1<br \/>\n13 VAC\u00cdO PERO RAGGA<br \/>\n14 EN TI<br \/>\n15 VIDAS FINITAS<br \/>\n16 SOMOS LUZ<\/p>\n","protected":false},"featured_media":6859,"comment_status":"open","ping_status":"closed","template":"","meta":[],"product_brand":[],"product_cat":[13],"product_tag":[],"class_list":{"0":"post-6858","1":"product","2":"type-product","3":"status-publish","4":"has-post-thumbnail","6":"product_cat-discos","8":"first","9":"instock","10":"shipping-taxable","11":"product-type-external"},"_links":{"self":[{"href":"https:\/\/larrydance.com\/tienda\/wp-json\/wp\/v2\/product\/6858","targetHints":{"allow":["GET"]}}],"collection":[{"href":"https:\/\/larrydance.com\/tienda\/wp-json\/wp\/v2\/product"}],"about":[{"href":"https:\/\/larrydance.com\/tienda\/wp-json\/wp\/v2\/types\/product"}],"replies":[{"embeddable":true,"href":"https:\/\/larrydance.com\/tienda\/wp-json\/wp\/v2\/comments?post=6858"}],"wp:featuredmedia":[{"embeddable":true,"href":"https:\/\/larrydance.com\/tienda\/wp-json\/wp\/v2\/media\/6859"}],"wp:attachment":[{"href":"https:\/\/larrydance.com\/tienda\/wp-json\/wp\/v2\/media?parent=6858"}],"wp:term":[{"taxonomy":"product_brand","embeddable":true,"href":"https:\/\/larrydance.com\/tienda\/wp-json\/wp\/v2\/product_brand?post=6858"},{"taxonomy":"product_cat","embeddable":true,"href":"https:\/\/larrydance.com\/tienda\/wp-json\/wp\/v2\/product_cat?post=6858"},{"taxonomy":"product_tag","embeddable":true,"href":"https:\/\/larrydance.com\/tienda\/wp-json\/wp\/v2\/product_tag?post=6858"}],"curies":[{"name":"wp","href":"https:\/\/api.w.org\/{rel}","templated":true}]}}