{"id":6844,"date":"2015-12-30T09:33:38","date_gmt":"2015-12-30T09:33:38","guid":{"rendered":"http:\/\/www.larrydance.com\/tienda\/?post_type=product&#038;p=6844"},"modified":"2024-01-01T18:01:23","modified_gmt":"2024-01-01T16:01:23","slug":"aprendiz-de-simio","status":"publish","type":"product","link":"https:\/\/larrydance.com\/tienda\/producto\/aprendiz-de-simio\/","title":{"rendered":"Aprendiz de Simio"},"content":{"rendered":"<p>Fue publicado el 30 de Diciembre de 2015, para ser difundido en Internet.<\/p>\n<p>Las bases intrumentales de uso libre fueron extra\u00eddas de Internet, de beatmakers de todo el mundo.<br \/>\nLa grabaci\u00f3n de las voces. la mezcla y el masterizado del trabajo lo realiz\u00f3 Larry Dance en Parda 13 Records.<\/p>\n<p>El trabajo comenz\u00f3 a gestarse a finales de Agosto de 2015. Comenzar\u00eda con el single Cronopel\u00f3metro, del cual publicar\u00eda un videoclip con la ayuda de D\u00b4Stylo Barber Shop, Dr. Silbato y los Tatis\u2026 entre un largo etc\u00e9tera de personal.<\/p>\n<p>Dado que \u201cAprendiz de Simio\u201d deb\u00eda salir cronol\u00f3gicamente despu\u00e9s del \u00e1lbum \u201cMucho M\u00e1s Veneno 2015\u201d, tuvo que esperar ya terminado en las mazmorras de Parda 13 Records para ver la luz cuando \u201cMMV2015\u201d fuese publicado junto a Prol\u00edfiko.<\/p>\n<p>El disco recorre tem\u00e1ticas como las consecuencias de atacar a pa\u00edses inocentes gracias a Gobiernos fascistas de Occidente; temas con metarap autobiogr\u00e1fico; temas con raggamuffin de batalla; rap psicod\u00e9lico con cantos alocados y divertidos pero con aire melanc\u00f3lico que te llevan a discurrir por los cauces m\u00e1s profundos de tu alma; un curioso tema dedicado al cabello; otro para los putos modernos de mierda que nos toca sufrir hoy d\u00eda en todos los medios de comunicaci\u00f3n con sus barbas y su prepotencia basada en su clase social acomodada y su profundo elitismo; canciones de amor con sentir enamorado y de desamor con dura cr\u00edtica a las parejas que soportan vidas vac\u00edas hasta morir; temas realistas y llenos de sarcasmo y veneno; otros de competi hardcore oldshool y trap; mel\u00f3dicos temas con estribillos corales y contenidos hermosos autobiogr\u00e1ficos y crudos, etc.<\/p>\n","protected":false},"excerpt":{"rendered":"<p>Tracklist:<\/p>\n<p>01 INTROZEADOS<br \/>\n02 SHALOM<br \/>\n03 TO IMPROVE MY FLOW POR FE<br \/>\n04 CAE LA NIEBLA<br \/>\n05 APRENDIZ DE SIMIO<br \/>\n06 CRONOPEL\u00d3METRO<br \/>\n07 MODERNOS INDIEGERIBLES<br \/>\n08 A TU LADO<br \/>\n09 LA CRUDA VERDAD<br \/>\n10 KARMA INSTANT\u00c1NEO<br \/>\n11 CAMINO RAP<br \/>\n12 ENFOCA<br \/>\n13 SI UNO NO QUIERE<\/p>\n","protected":false},"featured_media":6845,"comment_status":"open","ping_status":"closed","template":"","meta":[],"product_brand":[],"product_cat":[13],"product_tag":[],"class_list":{"0":"post-6844","1":"product","2":"type-product","3":"status-publish","4":"has-post-thumbnail","6":"product_cat-discos","8":"first","9":"instock","10":"shipping-taxable","11":"product-type-external"},"_links":{"self":[{"href":"https:\/\/larrydance.com\/tienda\/wp-json\/wp\/v2\/product\/6844","targetHints":{"allow":["GET"]}}],"collection":[{"href":"https:\/\/larrydance.com\/tienda\/wp-json\/wp\/v2\/product"}],"about":[{"href":"https:\/\/larrydance.com\/tienda\/wp-json\/wp\/v2\/types\/product"}],"replies":[{"embeddable":true,"href":"https:\/\/larrydance.com\/tienda\/wp-json\/wp\/v2\/comments?post=6844"}],"wp:featuredmedia":[{"embeddable":true,"href":"https:\/\/larrydance.com\/tienda\/wp-json\/wp\/v2\/media\/6845"}],"wp:attachment":[{"href":"https:\/\/larrydance.com\/tienda\/wp-json\/wp\/v2\/media?parent=6844"}],"wp:term":[{"taxonomy":"product_brand","embeddable":true,"href":"https:\/\/larrydance.com\/tienda\/wp-json\/wp\/v2\/product_brand?post=6844"},{"taxonomy":"product_cat","embeddable":true,"href":"https:\/\/larrydance.com\/tienda\/wp-json\/wp\/v2\/product_cat?post=6844"},{"taxonomy":"product_tag","embeddable":true,"href":"https:\/\/larrydance.com\/tienda\/wp-json\/wp\/v2\/product_tag?post=6844"}],"curies":[{"name":"wp","href":"https:\/\/api.w.org\/{rel}","templated":true}]}}