{"id":6837,"date":"2015-12-28T12:58:21","date_gmt":"2015-12-28T12:58:21","guid":{"rendered":"http:\/\/www.larrydance.com\/tienda\/?post_type=product&#038;p=6837"},"modified":"2024-01-01T18:01:12","modified_gmt":"2024-01-01T16:01:12","slug":"mucho-mas-veneno-2015","status":"publish","type":"product","link":"https:\/\/larrydance.com\/tienda\/producto\/mucho-mas-veneno-2015\/","title":{"rendered":"Mucho M\u00e1s Veneno 2015"},"content":{"rendered":"<p>Fue publicado el 28 de Diciembre de 2015, para ser difundido en Internet.<\/p>\n<p>Las bases intrumentales, la grabaci\u00f3n de las voces. la mezcla y el masterizado del trabajo lo realiz\u00f3 Larry Dance en Parda 13 Records.<br \/>\nEl trabajo comenz\u00f3 a gestarse en Enero de 2015. En Marzo, Larry decidi\u00f3 ense\u00f1ar el proyecto preparado a Prol\u00edfiko, para invitarle a sumarse al disco y cerrar la trilog\u00eda de \u201cVenenos\u201d, creando un tercer disco que culminase su saga conjunta. Varios problemas severos de salud, dilataron los meses que tom\u00f3 grabar las voces del proyecto y, todo se alarg\u00f3 m\u00e1s de lo previsto, acrecentando el tiempo necesario para que pudiera ver la luz. El disco es la tercera parte de sus anteriores trabajos: \u201cVeneno 2011\u201d y \u201cM\u00e1s Veneno 2012\u201d. En esta ocasi\u00f3n, con un rap algo m\u00e1s politizado (en algunos tracks) y rima siempre oscura y profunda, como t\u00f3nica dominante general del \u00e1lbum.<\/p>\n","protected":false},"excerpt":{"rendered":"<p>Tracklist:<\/p>\n<p>01 INTROXICACI\u00d3N<br \/>\n02 ALTER EGO\u00cdSTA<br \/>\n03 MORIR EN VIDA<br \/>\n04 SIN ASPIRACIONES<br \/>\n05 SI LA SOL MI RE DO<br \/>\n06 LA FIESTA SIN COMIENZO<br \/>\n07 TOMANDO CAF\u00c9<br \/>\n08 IRREALIDAD<br \/>\n09 ALIENACI\u00d3N<br \/>\n10 DERRAMANDO TINTA<br \/>\n11 LAS REP\u00daBLICAS M\u00c1GICAS<br \/>\n12 RECUERDOS MUSTIOS<br \/>\n13 HABLAN DE AMOR<br \/>\n14 MADNESS ATTACK<\/p>\n","protected":false},"featured_media":6840,"comment_status":"open","ping_status":"closed","template":"","meta":[],"product_brand":[],"product_cat":[13],"product_tag":[],"class_list":{"0":"post-6837","1":"product","2":"type-product","3":"status-publish","4":"has-post-thumbnail","6":"product_cat-discos","8":"first","9":"instock","10":"shipping-taxable","11":"product-type-external"},"_links":{"self":[{"href":"https:\/\/larrydance.com\/tienda\/wp-json\/wp\/v2\/product\/6837","targetHints":{"allow":["GET"]}}],"collection":[{"href":"https:\/\/larrydance.com\/tienda\/wp-json\/wp\/v2\/product"}],"about":[{"href":"https:\/\/larrydance.com\/tienda\/wp-json\/wp\/v2\/types\/product"}],"replies":[{"embeddable":true,"href":"https:\/\/larrydance.com\/tienda\/wp-json\/wp\/v2\/comments?post=6837"}],"wp:featuredmedia":[{"embeddable":true,"href":"https:\/\/larrydance.com\/tienda\/wp-json\/wp\/v2\/media\/6840"}],"wp:attachment":[{"href":"https:\/\/larrydance.com\/tienda\/wp-json\/wp\/v2\/media?parent=6837"}],"wp:term":[{"taxonomy":"product_brand","embeddable":true,"href":"https:\/\/larrydance.com\/tienda\/wp-json\/wp\/v2\/product_brand?post=6837"},{"taxonomy":"product_cat","embeddable":true,"href":"https:\/\/larrydance.com\/tienda\/wp-json\/wp\/v2\/product_cat?post=6837"},{"taxonomy":"product_tag","embeddable":true,"href":"https:\/\/larrydance.com\/tienda\/wp-json\/wp\/v2\/product_tag?post=6837"}],"curies":[{"name":"wp","href":"https:\/\/api.w.org\/{rel}","templated":true}]}}