{"id":6775,"date":"2015-03-10T22:08:14","date_gmt":"2015-03-10T22:08:14","guid":{"rendered":"http:\/\/www.larrydance.com\/tienda\/?post_type=product&#038;p=6775"},"modified":"2024-01-01T18:00:57","modified_gmt":"2024-01-01T16:00:57","slug":"autolisis-de-un-alma-consciente","status":"publish","type":"product","link":"https:\/\/larrydance.com\/tienda\/producto\/autolisis-de-un-alma-consciente\/","title":{"rendered":"Autolisis de un Alma Consciente"},"content":{"rendered":"<p>Disco publicado el 29 de Diciembre de 2014. Producido por Larry Dance y Dj Mike, con la colaboraci\u00f3n de Zarcano (l\u00edneas de synths) y Anusk (coros femeninos).<\/p>\n<p>Cuatro meses de trabajo diario dieron lugar a sus 12 canciones, que llevan impresa la actitud y el car\u00e1cter m\u00e1s sincero del artista y los principios obreros y luchadores de su barrio \u201cLas Delicias\u201d. Rimas crudas, con escogidas y cuidadas palabras, para expresar mensajes oscuros y sentidos, llenos de reflexiones y reivindicaciones existenciales b\u00e1sicas. Todo ello, arropado por beats que cabalgan sobre patrones de rap cl\u00e1sico con m\u00fasica electr\u00f3nica, neo-soul, noise y toques de cl\u00e1sica, as\u00ed como, sonidos \u00e9tnicos primitivos fusionados con los m\u00e1s modernos synths y, rescatando tambi\u00e9n del olvido, sonidos electr\u00f3nicos desde librer\u00edas de instrumentos de los 80\u00b4s y 90\u00b4s, todos los elementos elegantemente combinados en los densos y equilibrados patrones, para dar el toque emotivo y nost\u00e1lgico definitivo al sonido del disco.<\/p>\n","protected":false},"excerpt":{"rendered":"<p>Tracklist:<\/p>\n<p>01 INTRO DE AUTODESTRUCCI\u00d3N<br \/>\n02 AMANECERES SIN SOL<br \/>\n03 BARRAS DE S\u00c1NDALO<br \/>\n04 RIMAS DESDE EL \u00c1TICO<br \/>\n05 SI YO FUERA UN CIBORG<br \/>\n06 COMANDO ON\u00cdRICO<br \/>\n07 R\u00c9QUIEM POR UN EGO DEVASTADO<br \/>\n08 TRANQUILA VIDA<br \/>\n09 AUTOLISIS DE UN ALMA COSCIENTE<br \/>\n10 SIMIOS LIBERTOS<br \/>\n11 NOS VEMOS EN EL HADES<br \/>\n12 CAREO CON MI DOPPELG\u00c4NGER<\/p>\n","protected":false},"featured_media":6776,"comment_status":"open","ping_status":"closed","template":"","meta":[],"product_brand":[],"product_cat":[13],"product_tag":[],"class_list":{"0":"post-6775","1":"product","2":"type-product","3":"status-publish","4":"has-post-thumbnail","6":"product_cat-discos","8":"first","9":"instock","10":"shipping-taxable","11":"product-type-external"},"_links":{"self":[{"href":"https:\/\/larrydance.com\/tienda\/wp-json\/wp\/v2\/product\/6775","targetHints":{"allow":["GET"]}}],"collection":[{"href":"https:\/\/larrydance.com\/tienda\/wp-json\/wp\/v2\/product"}],"about":[{"href":"https:\/\/larrydance.com\/tienda\/wp-json\/wp\/v2\/types\/product"}],"replies":[{"embeddable":true,"href":"https:\/\/larrydance.com\/tienda\/wp-json\/wp\/v2\/comments?post=6775"}],"wp:featuredmedia":[{"embeddable":true,"href":"https:\/\/larrydance.com\/tienda\/wp-json\/wp\/v2\/media\/6776"}],"wp:attachment":[{"href":"https:\/\/larrydance.com\/tienda\/wp-json\/wp\/v2\/media?parent=6775"}],"wp:term":[{"taxonomy":"product_brand","embeddable":true,"href":"https:\/\/larrydance.com\/tienda\/wp-json\/wp\/v2\/product_brand?post=6775"},{"taxonomy":"product_cat","embeddable":true,"href":"https:\/\/larrydance.com\/tienda\/wp-json\/wp\/v2\/product_cat?post=6775"},{"taxonomy":"product_tag","embeddable":true,"href":"https:\/\/larrydance.com\/tienda\/wp-json\/wp\/v2\/product_tag?post=6775"}],"curies":[{"name":"wp","href":"https:\/\/api.w.org\/{rel}","templated":true}]}}