{"id":6713,"date":"2003-01-10T00:00:41","date_gmt":"2003-01-10T00:00:41","guid":{"rendered":"http:\/\/www.larrydance.com\/?post_type=product&#038;p=6713"},"modified":"2024-01-01T17:54:43","modified_gmt":"2024-01-01T15:54:43","slug":"mission-dar-vida-al-keko","status":"publish","type":"product","link":"https:\/\/larrydance.com\/tienda\/producto\/mission-dar-vida-al-keko\/","title":{"rendered":"Mission: Dar Vida al Keko"},"content":{"rendered":"<p>La idea original era la realizaci\u00f3n de un disco largo de Larry, al margen de los proyectos que La Puta \u00c9lite pretend\u00eda, sin \u00e9xito, grabar por aquellos tiempos (Abril de 2001).<\/p>\n<p>Finalmente, la disoluci\u00f3n de la \u201cBatussi Producciones Para Mandinga Records\u201d. que Larry form\u00f3 con Esseam en el verano de 2002. y. el fin del contacto con \u00e9l. permiti\u00f3 que se plantease la posibilidad de participaci\u00f3n de los otros componentes del grupo (Suko, Dj. Neza y Lucifer) en este proyecto que Larry hab\u00eda comenzado en solitario.<\/p>\n<p>El disco fue un recopilatorio de temas antiguos y nuevos, creados entre 1999 y 2002, con gran variedad tem\u00e1tica, muchos skits e interludios, y muchas visiones de diversos aspectos de la vida y el mundo. Incluye la versi\u00f3n remasterizada de los singles: \u201cEl \u00daltimo Brindis\u201d y \u201cUn Sentimiento\u2026 Amor\u201d, obras de Larry Dance.<\/p>\n<p>Fue publicado el 10 de enero de 2003, fecha del cumplea\u00f1os de MNK Hippie por deseo expreso de Larry Dance que aguant\u00f3 con el CD \u00a1completamente terminado dos meses en su estudio!, para poder darle la primera copia a su primer amor en aquel se\u00f1alado d\u00eda.<\/p>\n<p>\u00a1Se movieron m\u00e1s de mil trescientas copias de aquel trabajo desde el sello! Era el comienzo del HipHop y eran una de las escasas bandas que hab\u00eda cantando rap por aquel entonces en Valladolid. Dio a conocer en Espa\u00f1a (festivales y salas) a La Puta \u00c9lite, y abri\u00f3 la brecha para el comienzo serio de la carrera discogr\u00e1fica de Larry Dance.<\/p>\n<p>El dise\u00f1o gr\u00e1fico corri\u00f3 a cargo de Dr. Silbato, escaneando dibujos de Larry Dance y, siempre guiado con indicaciones de \u00e9ste, sobre como deseaba ver elaborada la portada e interiores del trabajo final.<\/p>\n","protected":false},"excerpt":{"rendered":"<p>Tracklist:<\/p>\n<p>01 INTRO DU\u00b4 CHELO<br \/>\n02 HARTO<br \/>\n03 EL FUGITIVO (SKIT)<br \/>\n04 GU\u00cdA PARA MATAR UN POLIC\u00cdA<br \/>\n05 MATANZA EN LA CATEDRAL DEL MAL (SKIT)<br \/>\n06 EL \u00daLTIMO BRINDIS<br \/>\n07 NADIE MERECE NADA<br \/>\n08 LA MUERTE TOCA EL BAJO MIENTRAS EL TIEMPO DEL MUNDO SE AGOTA (SKIT)<br \/>\n09 LA PENA ME DEVORA<br \/>\n10 INTRO DEL BRIK DE TINTO (SKIT)<br \/>\n11 OTRO LITRO<br \/>\n12 TRIBAL<br \/>\n13 SIEMPRE LA MISMA HISTORIA<br \/>\n14 UN SENTIMIENTO\u2026 AMOR<br \/>\n15 EQUILIBRIO Y ARMON\u00cdA<br \/>\n16 INTERLUDE TYPE JASS (SKIT)<br \/>\n17 SOLO<br \/>\n18 VIDAS Y MOVIDAS<br \/>\n19 THE END<br \/>\n20 DISCURSO<br \/>\n21 LA LUNA LLENA LLORA<\/p>\n","protected":false},"featured_media":6746,"comment_status":"open","ping_status":"closed","template":"","meta":[],"product_brand":[],"product_cat":[13],"product_tag":[],"class_list":{"0":"post-6713","1":"product","2":"type-product","3":"status-publish","4":"has-post-thumbnail","6":"product_cat-discos","8":"first","9":"instock","10":"product-type-external"},"_links":{"self":[{"href":"https:\/\/larrydance.com\/tienda\/wp-json\/wp\/v2\/product\/6713","targetHints":{"allow":["GET"]}}],"collection":[{"href":"https:\/\/larrydance.com\/tienda\/wp-json\/wp\/v2\/product"}],"about":[{"href":"https:\/\/larrydance.com\/tienda\/wp-json\/wp\/v2\/types\/product"}],"replies":[{"embeddable":true,"href":"https:\/\/larrydance.com\/tienda\/wp-json\/wp\/v2\/comments?post=6713"}],"wp:featuredmedia":[{"embeddable":true,"href":"https:\/\/larrydance.com\/tienda\/wp-json\/wp\/v2\/media\/6746"}],"wp:attachment":[{"href":"https:\/\/larrydance.com\/tienda\/wp-json\/wp\/v2\/media?parent=6713"}],"wp:term":[{"taxonomy":"product_brand","embeddable":true,"href":"https:\/\/larrydance.com\/tienda\/wp-json\/wp\/v2\/product_brand?post=6713"},{"taxonomy":"product_cat","embeddable":true,"href":"https:\/\/larrydance.com\/tienda\/wp-json\/wp\/v2\/product_cat?post=6713"},{"taxonomy":"product_tag","embeddable":true,"href":"https:\/\/larrydance.com\/tienda\/wp-json\/wp\/v2\/product_tag?post=6713"}],"curies":[{"name":"wp","href":"https:\/\/api.w.org\/{rel}","templated":true}]}}