{"id":6712,"date":"2003-07-07T00:00:39","date_gmt":"2003-07-07T00:00:39","guid":{"rendered":"http:\/\/www.larrydance.com\/?post_type=product&#038;p=6712"},"modified":"2024-01-01T17:54:55","modified_gmt":"2024-01-01T15:54:55","slug":"romantico-tragico","status":"publish","type":"product","link":"https:\/\/larrydance.com\/tienda\/producto\/romantico-tragico\/","title":{"rendered":"Rom\u00e1ntico Tr\u00e1gico"},"content":{"rendered":"<p>Las bases instrumentales del disco fueron compuestas entre Abril y Mayo de 2003, siendo compuesta con samples en Sound Forge Acid 2.0, a toda prisa por la necesidad de editar el trabajo r\u00e1pidamente. Las letras fueron escritas por Larry Dance tras terminar las instrumentales, entre Junio y Julio de ese a\u00f1o. El trabajo fue motivado por la ruptura con su primer amor \u201cMNK Hippie\u201d, un trabajo cargado de sentimientos producidos por el desamor.<\/p>\n<p>La grabaci\u00f3n y mezcla del trabajo se realiz\u00f3 en cuatro d\u00edas y tres noches (3 al 6 de Julio de 2003), el insomnio ayud\u00f3 a su realizaci\u00f3n Finalmente, fue publicado el 7 julio de 2003.<\/p>\n<p>Y la curiosidad de este disco fue su forma de distribuci\u00f3n, pues era un disco hecho para regalarse de unos a otros. Larry hizo 7 copias originales en CD, entregadas a sus 7 elegidos y, \u00e9stos, deb\u00edan hacer la progresiva distribuci\u00f3n del disco. Para ello, har\u00edan una copia y se la dar\u00edan a sus mejores amigos y, \u00e9stos a su vez, a terceras personas, incluyendo sus nombres en su propia copia, para poder fotocopiar la portada con \u00e9l y que as\u00ed, al regalarlo, pudiera saberse por qu\u00e9 due\u00f1os hab\u00eda circulado el compacto, leyendo la lista de nombres fotocopiados en la contraportada.<\/p>\n<p>Fue el comienzo de una trilog\u00eda cuyos t\u00edtulos tienen la palabra \u201cRom\u00e1ntico\u201d seguido de un adjetivo calificativo.<br \/>\nLe siguieron: \u201cRom\u00e1ntico Bohemio\u201d (2004) y \u201cRom\u00e1ntico Gothiko\u201d (2007).<\/p>\n","protected":false},"excerpt":{"rendered":"<p>Tracklist:<\/p>\n<p>01 INTRO<br \/>\n02 EL COMIENZO<br \/>\n03 013<br \/>\n04 BOTERO REY<br \/>\n05 KALI Y FLOW<br \/>\n06 ROMA<br \/>\n07 SADGOD<br \/>\n08 SIN \u2013 0<br \/>\n09 ROM\u00c1NTICO TR\u00c1GICO<br \/>\n10 OUTRO<\/p>\n","protected":false},"featured_media":6744,"comment_status":"open","ping_status":"closed","template":"","meta":[],"product_brand":[],"product_cat":[13],"product_tag":[],"class_list":{"0":"post-6712","1":"product","2":"type-product","3":"status-publish","4":"has-post-thumbnail","6":"product_cat-discos","8":"first","9":"instock","10":"product-type-external"},"_links":{"self":[{"href":"https:\/\/larrydance.com\/tienda\/wp-json\/wp\/v2\/product\/6712","targetHints":{"allow":["GET"]}}],"collection":[{"href":"https:\/\/larrydance.com\/tienda\/wp-json\/wp\/v2\/product"}],"about":[{"href":"https:\/\/larrydance.com\/tienda\/wp-json\/wp\/v2\/types\/product"}],"replies":[{"embeddable":true,"href":"https:\/\/larrydance.com\/tienda\/wp-json\/wp\/v2\/comments?post=6712"}],"wp:featuredmedia":[{"embeddable":true,"href":"https:\/\/larrydance.com\/tienda\/wp-json\/wp\/v2\/media\/6744"}],"wp:attachment":[{"href":"https:\/\/larrydance.com\/tienda\/wp-json\/wp\/v2\/media?parent=6712"}],"wp:term":[{"taxonomy":"product_brand","embeddable":true,"href":"https:\/\/larrydance.com\/tienda\/wp-json\/wp\/v2\/product_brand?post=6712"},{"taxonomy":"product_cat","embeddable":true,"href":"https:\/\/larrydance.com\/tienda\/wp-json\/wp\/v2\/product_cat?post=6712"},{"taxonomy":"product_tag","embeddable":true,"href":"https:\/\/larrydance.com\/tienda\/wp-json\/wp\/v2\/product_tag?post=6712"}],"curies":[{"name":"wp","href":"https:\/\/api.w.org\/{rel}","templated":true}]}}