{"id":6711,"date":"2004-03-01T00:00:37","date_gmt":"2004-03-01T00:00:37","guid":{"rendered":"http:\/\/www.larrydance.com\/?post_type=product&#038;p=6711"},"modified":"2024-01-01T17:55:07","modified_gmt":"2024-01-01T15:55:07","slug":"flow-endemico","status":"publish","type":"product","link":"https:\/\/larrydance.com\/tienda\/producto\/flow-endemico\/","title":{"rendered":"Flow End\u00e9mico"},"content":{"rendered":"<p>La idea original fue la realizaci\u00f3n de un disco largo de Larry, en un a\u00f1o en el que La Puta \u00c9lite estaba disuelta, con Suko expulsado de la banda y, posteriormente, la divisi\u00f3n de Larry y Neza tras discutir por la forma de edici\u00f3n y publicaci\u00f3n de la demo de Dj. Neza \u201cEl Cielo est\u00e1 muy Lejos\u201d.<\/p>\n<p>Larry estuvo creando este \u00e1lbum desde Abril de 2003, buscando mejorar su sistema de producci\u00f3n, tras comprar equipos nuevos y, cuando tuvo compuestos y grabados el estribillo y la primera estrofa de todos los temas en espera de componer su cierre, recibi\u00f3 una llamada de Neza y la Puta \u00c9lite se reunific\u00f3, incorpor\u00e1ndose Neza al proyecto de disco de Larry. Poco despu\u00e9s, Suko fue perdonado y readmitido y tambi\u00e9n se uni\u00f3 al proyecto y, finalmente, Delka (un nuevo MC que se uni\u00f3 a La Puta \u00c9lite entonces), se sumar\u00eda al proyecto para que as\u00ed participasen todos los componentes de La Puta \u00c9lite en el disco.<\/p>\n<p>Publicado el 8 de Marzo de 2004, fue el primer larga duraci\u00f3n escrito por el Larry Dance a.k.a. \u201cL.D. El L\u00edder del Ed\u00e9n\u201d, con colaboraciones de los componentes de LPE. Y, adem\u00e1s, contando con la aparici\u00f3n de su gran amigo Al Pepone en uno de los temas haci\u00e9ndole los coros.<\/p>\n<p>Fue presentado en Valladolid en un multitudinario concierto en la Sala Namast\u00e9 ante 450 personas, en una jam conjunta con Extra\u00f1a Mezcla (Zaragoza) y Cum Laude (\u00c1vila).<\/p>\n<p>El disco se titula \u201cL.D. representa Flow End\u00e9mico 47.013\u201d y, pese a que muchos lo intenten considerar propio de La Puta \u00c9lite, el \u00e1lbum es un trabajo de Larry Dance, con la colaboraci\u00f3n de la banda La Puta \u00c9lite, cuyos integrantes se reunificaron y sumaron al proyecto en sus \u00faltimos 4 meses de edici\u00f3n, cuando ya hab\u00eda pasado un a\u00f1o de trabajo de Larry sin ellos. Apareci\u00f3 el nombre de la banda en la portada porque, evidentemente, era la banda de la que Larry formaba parte desde que la fundase en 1999.<\/p>\n<p>El dise\u00f1o de las portadas es obra de Al Pepone y fue firmado con el sello \u201cTLD Pro\u201d, abreviatura de \u201cTo La Droga Producciones\u201d, habitual sello de Larry Dance en aquellos a\u00f1os.<\/p>\n","protected":false},"excerpt":{"rendered":"<p>01 PARDA 13 (INTRO)<br \/>\n02 FLOW END\u00c9MICO<br \/>\n03 DIOS DE LA TRISTEZA<br \/>\n04 ARDE<br \/>\n05 SECRETO DE GRUPO<br \/>\n06 BELLAS Y BOTELLAS (SKIT)<br \/>\n07 BOURBON POSSE<br \/>\n08 SOLDADOS<br \/>\n09 TANTA TONTER\u00cdA<br \/>\n10 NI PRISA NI PAUSA<br \/>\n11 CHONOS DE HOY<br \/>\n12 METAS<br \/>\n13 CIRCO DE ELEFANTES (OUTRO)<br \/>\n14 BONUS: CARTA AL PASADO<\/p>\n","protected":false},"featured_media":6745,"comment_status":"open","ping_status":"closed","template":"","meta":[],"product_brand":[],"product_cat":[13],"product_tag":[],"class_list":{"0":"post-6711","1":"product","2":"type-product","3":"status-publish","4":"has-post-thumbnail","6":"product_cat-discos","8":"first","9":"instock","10":"product-type-external"},"_links":{"self":[{"href":"https:\/\/larrydance.com\/tienda\/wp-json\/wp\/v2\/product\/6711","targetHints":{"allow":["GET"]}}],"collection":[{"href":"https:\/\/larrydance.com\/tienda\/wp-json\/wp\/v2\/product"}],"about":[{"href":"https:\/\/larrydance.com\/tienda\/wp-json\/wp\/v2\/types\/product"}],"replies":[{"embeddable":true,"href":"https:\/\/larrydance.com\/tienda\/wp-json\/wp\/v2\/comments?post=6711"}],"wp:featuredmedia":[{"embeddable":true,"href":"https:\/\/larrydance.com\/tienda\/wp-json\/wp\/v2\/media\/6745"}],"wp:attachment":[{"href":"https:\/\/larrydance.com\/tienda\/wp-json\/wp\/v2\/media?parent=6711"}],"wp:term":[{"taxonomy":"product_brand","embeddable":true,"href":"https:\/\/larrydance.com\/tienda\/wp-json\/wp\/v2\/product_brand?post=6711"},{"taxonomy":"product_cat","embeddable":true,"href":"https:\/\/larrydance.com\/tienda\/wp-json\/wp\/v2\/product_cat?post=6711"},{"taxonomy":"product_tag","embeddable":true,"href":"https:\/\/larrydance.com\/tienda\/wp-json\/wp\/v2\/product_tag?post=6711"}],"curies":[{"name":"wp","href":"https:\/\/api.w.org\/{rel}","templated":true}]}}