{"id":6710,"date":"2004-05-18T00:00:35","date_gmt":"2004-05-18T00:00:35","guid":{"rendered":"http:\/\/www.larrydance.com\/?post_type=product&#038;p=6710"},"modified":"2024-01-01T17:55:17","modified_gmt":"2024-01-01T15:55:17","slug":"romantico-bohemio","status":"publish","type":"product","link":"https:\/\/larrydance.com\/tienda\/producto\/romantico-bohemio\/","title":{"rendered":"Rom\u00e1ntico Bohemio"},"content":{"rendered":"<p>Disco publicado el 18 de mayo de 2004.<\/p>\n<p>Fue el \u00faltimo trabajo en el que Larry Dance represent\u00f3 como componente de la banda a La Puta \u00c9lite. Desde ese momento, comenzar\u00eda una larga etapa en solitario de creaci\u00f3n audiovisual.<br \/>\nFue la segunda entrega de una trilog\u00eda cuyos t\u00edtulos tienen la palabra \u201cRom\u00e1ntico\u201d seguido de un adjetivo calificativo.<br \/>\nLe precedi\u00f3: \u201cRom\u00e1ntico Tr\u00e1gico\u201d (2003) y le sigui\u00f3 \u201cRom\u00e1ntico Gothiko\u201d (2007).<\/p>\n","protected":false},"excerpt":{"rendered":"<p>Tracklist:<\/p>\n<p>01 ALEGR\u00cdA 1-12-2003<br \/>\n02 SI EXISTE UN DIOS<br \/>\n03 CU\u00c1NTOS D\u00cdAS<br \/>\n04 NUEVAS ESPERANZAS<br \/>\n05 ROM\u00c1NTICO BOHEMIO<br \/>\n06 TRISTEZA 1-4-2004<br \/>\n07 TAKE THIS OUT<\/p>\n","protected":false},"featured_media":6741,"comment_status":"open","ping_status":"closed","template":"","meta":[],"product_brand":[],"product_cat":[13],"product_tag":[],"class_list":{"0":"post-6710","1":"product","2":"type-product","3":"status-publish","4":"has-post-thumbnail","6":"product_cat-discos","8":"first","9":"instock","10":"product-type-external"},"_links":{"self":[{"href":"https:\/\/larrydance.com\/tienda\/wp-json\/wp\/v2\/product\/6710","targetHints":{"allow":["GET"]}}],"collection":[{"href":"https:\/\/larrydance.com\/tienda\/wp-json\/wp\/v2\/product"}],"about":[{"href":"https:\/\/larrydance.com\/tienda\/wp-json\/wp\/v2\/types\/product"}],"replies":[{"embeddable":true,"href":"https:\/\/larrydance.com\/tienda\/wp-json\/wp\/v2\/comments?post=6710"}],"wp:featuredmedia":[{"embeddable":true,"href":"https:\/\/larrydance.com\/tienda\/wp-json\/wp\/v2\/media\/6741"}],"wp:attachment":[{"href":"https:\/\/larrydance.com\/tienda\/wp-json\/wp\/v2\/media?parent=6710"}],"wp:term":[{"taxonomy":"product_brand","embeddable":true,"href":"https:\/\/larrydance.com\/tienda\/wp-json\/wp\/v2\/product_brand?post=6710"},{"taxonomy":"product_cat","embeddable":true,"href":"https:\/\/larrydance.com\/tienda\/wp-json\/wp\/v2\/product_cat?post=6710"},{"taxonomy":"product_tag","embeddable":true,"href":"https:\/\/larrydance.com\/tienda\/wp-json\/wp\/v2\/product_tag?post=6710"}],"curies":[{"name":"wp","href":"https:\/\/api.w.org\/{rel}","templated":true}]}}