{"id":6709,"date":"2007-08-12T00:00:33","date_gmt":"2007-08-12T00:00:33","guid":{"rendered":"http:\/\/www.larrydance.com\/?post_type=product&#038;p=6709"},"modified":"2024-01-01T17:55:33","modified_gmt":"2024-01-01T15:55:33","slug":"romantico-gothiko","status":"publish","type":"product","link":"https:\/\/larrydance.com\/tienda\/producto\/romantico-gothiko\/","title":{"rendered":"Rom\u00e1ntico Gothiko"},"content":{"rendered":"<p>Publicado el 12 de Agosto de 2007, s\u00f3lo disponible a trav\u00e9s de Internet. Es un trabajo que poco o nada tiene que ver con lo anteriormente creado por Larry Dance.<\/p>\n<p>Renovando su estilo tras un largo tiempo de silencio musical, fue el punto de giro de la carrera musical de Larry para impulsar su rap a un siguiente nivel a partir de este compacto que cortaba con su pasado reciente de una forma tan agresiva. Casi nadie le reconoci\u00f3 en el disco, ni por sus ritmos ni su flow ni, por supuesto, por su portada de dise\u00f1o peculiar. Su lema de la \u00e9poca fue \u201cOdio Vuestro Mundo Enfermo\u201d y es el alma de este trabajo.<\/p>\n<p>Fue la tercera y \u00faltima entrega de una trilog\u00eda cuyos t\u00edtulos tienen la palabra \u201cRom\u00e1ntico\u201d seguido de un adjetivo calificativo.<br \/>\nLe precedieron: \u201cRom\u00e1ntico Tr\u00e1gico\u201d (2003) y le sigui\u00f3 \u201cRom\u00e1ntico Bohemio\u201d (2004).<\/p>\n<p>Como curiosidad, los temas llevan una carcajada grotesca justo antes de comenzar la primera estrofa de la canci\u00f3n. Adem\u00e1s, se hicieron varios fotomontajes de las canciones.<\/p>\n","protected":false},"excerpt":{"rendered":"<p>Tracklist:<\/p>\n<p>01 ASCO<br \/>\n02 DOLOR<br \/>\n03 ENFERMEDAD<br \/>\n04 FUNKOPROFAGHY<br \/>\n05 DESASTRE<br \/>\n06 ROM\u00c1NTICO GOTHIKO<br \/>\n07 REPULSA<\/p>\n","protected":false},"featured_media":6742,"comment_status":"open","ping_status":"closed","template":"","meta":[],"product_brand":[],"product_cat":[13],"product_tag":[],"class_list":{"0":"post-6709","1":"product","2":"type-product","3":"status-publish","4":"has-post-thumbnail","6":"product_cat-discos","8":"first","9":"instock","10":"product-type-external"},"_links":{"self":[{"href":"https:\/\/larrydance.com\/tienda\/wp-json\/wp\/v2\/product\/6709","targetHints":{"allow":["GET"]}}],"collection":[{"href":"https:\/\/larrydance.com\/tienda\/wp-json\/wp\/v2\/product"}],"about":[{"href":"https:\/\/larrydance.com\/tienda\/wp-json\/wp\/v2\/types\/product"}],"replies":[{"embeddable":true,"href":"https:\/\/larrydance.com\/tienda\/wp-json\/wp\/v2\/comments?post=6709"}],"wp:featuredmedia":[{"embeddable":true,"href":"https:\/\/larrydance.com\/tienda\/wp-json\/wp\/v2\/media\/6742"}],"wp:attachment":[{"href":"https:\/\/larrydance.com\/tienda\/wp-json\/wp\/v2\/media?parent=6709"}],"wp:term":[{"taxonomy":"product_brand","embeddable":true,"href":"https:\/\/larrydance.com\/tienda\/wp-json\/wp\/v2\/product_brand?post=6709"},{"taxonomy":"product_cat","embeddable":true,"href":"https:\/\/larrydance.com\/tienda\/wp-json\/wp\/v2\/product_cat?post=6709"},{"taxonomy":"product_tag","embeddable":true,"href":"https:\/\/larrydance.com\/tienda\/wp-json\/wp\/v2\/product_tag?post=6709"}],"curies":[{"name":"wp","href":"https:\/\/api.w.org\/{rel}","templated":true}]}}