{"id":6708,"date":"2008-07-02T00:00:31","date_gmt":"2008-07-02T00:00:31","guid":{"rendered":"http:\/\/www.larrydance.com\/?post_type=product&#038;p=6708"},"modified":"2024-01-01T17:55:44","modified_gmt":"2024-01-01T15:55:44","slug":"mission-mantoux","status":"publish","type":"product","link":"https:\/\/larrydance.com\/tienda\/producto\/mission-mantoux\/","title":{"rendered":"Mission Mantoux"},"content":{"rendered":"<p>Para este disco, Larry compuso las letras a lo largo de 2004 y, tambi\u00e9n, empez\u00f3 con la producci\u00f3n de las bases instrumentales del trabajo.<\/p>\n<p>El t\u00edtulo del disco se le ocurri\u00f3 un martes 13 , tras hacerse la prueba m\u00e9dica llamada Mantoux (venciendo su fobia a las agujas). De ah\u00ed, que quiso seguir en la l\u00ednea del LP anterior y conserv\u00f3 el \u201cMission\u201d encabezando el t\u00edtulo y a\u00f1adi\u00f3 \u201cMantoux\u201d al final. \u201cMission: Mantoux\u201d seguido del distrito postal donde creci\u00f3 y viv\u00eda entonces en Valladolid \u201c47013\u2033.<\/p>\n<p>Fue grabado en 2005 en su primer estudio \u201cEl Maldito B\u00fanker del 013\u2033 y, luego, al cambiar de sede y de equipos decidi\u00f3 probar a grabarlo en mejor calidad con nuevos medios t\u00e9cnicos. En 2006 lo ten\u00eda casi listo, cuando cambi\u00f3 de monitores de referencia y tuvo algunos problemas (no daban la respuesta plana que necesitaba) y tuvo que esperar para poder volver a comprar unos monitores mejores. As\u00ed, la cosa se alarg\u00f3 hasta 2007 cuando empez\u00f3 a grabar las voces definitivas y ya pudo comenzar a mezclar y masterizar los temas finales y poder acabar el disco.<\/p>\n<p>Finalmente, fue publicado el 2 de Julio de 2008 para su libre descarga.<\/p>\n","protected":false},"excerpt":{"rendered":"<p>Tracklist:<\/p>\n<p>01 DURO Y SENSIBLE<br \/>\n02 EL BILING\u00dcE<br \/>\n03 EL MANUAL<br \/>\n04 HAZTE VALER<br \/>\n05 LIBERTAD<br \/>\n06 NO CREO<br \/>\n07 LAS DELICIAS<br \/>\n08 D\u00d3NDE EST\u00c1S<br \/>\n09 FEAR OF NEEDLES<br \/>\n10 PSYCHODELICS<br \/>\n11 TRIBUTO AL BULE<br \/>\n12 LO M\u00c1S BELLO DEL CIELO<br \/>\n13 SKIT<br \/>\n14 DOS HOMBRES Y UN BARMAN<br \/>\n15 ASESINO DE ASESINOS<br \/>\n16 L\u00c1STIMA<br \/>\n17 MISSION MANTOUX<br \/>\n18 NO QUIERO BOBADAS<br \/>\n19 D\u00c9JALO<\/p>\n","protected":false},"featured_media":6739,"comment_status":"open","ping_status":"closed","template":"","meta":[],"product_brand":[],"product_cat":[13],"product_tag":[],"class_list":{"0":"post-6708","1":"product","2":"type-product","3":"status-publish","4":"has-post-thumbnail","6":"product_cat-discos","8":"first","9":"instock","10":"product-type-external"},"_links":{"self":[{"href":"https:\/\/larrydance.com\/tienda\/wp-json\/wp\/v2\/product\/6708","targetHints":{"allow":["GET"]}}],"collection":[{"href":"https:\/\/larrydance.com\/tienda\/wp-json\/wp\/v2\/product"}],"about":[{"href":"https:\/\/larrydance.com\/tienda\/wp-json\/wp\/v2\/types\/product"}],"replies":[{"embeddable":true,"href":"https:\/\/larrydance.com\/tienda\/wp-json\/wp\/v2\/comments?post=6708"}],"wp:featuredmedia":[{"embeddable":true,"href":"https:\/\/larrydance.com\/tienda\/wp-json\/wp\/v2\/media\/6739"}],"wp:attachment":[{"href":"https:\/\/larrydance.com\/tienda\/wp-json\/wp\/v2\/media?parent=6708"}],"wp:term":[{"taxonomy":"product_brand","embeddable":true,"href":"https:\/\/larrydance.com\/tienda\/wp-json\/wp\/v2\/product_brand?post=6708"},{"taxonomy":"product_cat","embeddable":true,"href":"https:\/\/larrydance.com\/tienda\/wp-json\/wp\/v2\/product_cat?post=6708"},{"taxonomy":"product_tag","embeddable":true,"href":"https:\/\/larrydance.com\/tienda\/wp-json\/wp\/v2\/product_tag?post=6708"}],"curies":[{"name":"wp","href":"https:\/\/api.w.org\/{rel}","templated":true}]}}