{"id":6703,"date":"2009-03-16T00:00:20","date_gmt":"2009-03-16T00:00:20","guid":{"rendered":"http:\/\/www.larrydance.com\/?post_type=product&#038;p=6703"},"modified":"2024-01-01T17:59:27","modified_gmt":"2024-01-01T15:59:27","slug":"raptanasia","status":"publish","type":"product","link":"https:\/\/larrydance.com\/tienda\/producto\/raptanasia\/","title":{"rendered":"Raptanasia"},"content":{"rendered":"<p>Fue publicado el 16 de Marzo de 2009.<\/p>\n<p>Inicialmente, se iba a llamar Larry &amp; Friends. Fue concebido y preparado como \u00e1lbum largo durante 7 meses en 2008.<br \/>\nEra un disco completamente colaborativo, con aparici\u00f3n de muchos MCs vallisoletanos y for\u00e1neos y, tras comprobar que la gente no tiene principios y que les da lo mismo todo puesto que no aprecian nada, se congel\u00f3 sin intenci\u00f3n de ser editado el proyecto por un monumental enfado de Larry Dance con el 80% de los MCs participantes, que vender\u00edan a su madre por caer bien. Finalmente, eliminando las partes de las colaboraciones, se rehizo el disco como un buscador de dial de radio, que se va parando en cada tema.<\/p>\n<p>El disco fue grabado, mezclado y masterizado por Larry Dance en Parda 13 Records.<\/p>\n","protected":false},"excerpt":{"rendered":"<p>Tracklist:<\/p>\n<p>01 MIL GATOS MAULLANDO<br \/>\n02 AT\u00daN CON PAN<br \/>\n03 EL DIABLO EN SU VIENTRE<br \/>\n04 INTERRAPGATORIO<br \/>\n05 FOROS<br \/>\n06 DEL C.P. 013 PCL<br \/>\n07 NO SOMOS LIBRES<br \/>\n08 MI MIERDA<br \/>\n09 CATARSIS<br \/>\n10 REC STOP PLAY<br \/>\n11 TRIST\u00c9RRIMO<br \/>\n12 SEIS SAGRADAS LETRAS<br \/>\n13 VERSO LIBRE<br \/>\n14 BONUS: EL FARO DE ALEXANDR\u00cdA<\/p>\n","protected":false},"featured_media":6740,"comment_status":"open","ping_status":"closed","template":"","meta":[],"product_brand":[],"product_cat":[13],"product_tag":[],"class_list":{"0":"post-6703","1":"product","2":"type-product","3":"status-publish","4":"has-post-thumbnail","6":"product_cat-discos","8":"first","9":"instock","10":"product-type-external"},"_links":{"self":[{"href":"https:\/\/larrydance.com\/tienda\/wp-json\/wp\/v2\/product\/6703","targetHints":{"allow":["GET"]}}],"collection":[{"href":"https:\/\/larrydance.com\/tienda\/wp-json\/wp\/v2\/product"}],"about":[{"href":"https:\/\/larrydance.com\/tienda\/wp-json\/wp\/v2\/types\/product"}],"replies":[{"embeddable":true,"href":"https:\/\/larrydance.com\/tienda\/wp-json\/wp\/v2\/comments?post=6703"}],"wp:featuredmedia":[{"embeddable":true,"href":"https:\/\/larrydance.com\/tienda\/wp-json\/wp\/v2\/media\/6740"}],"wp:attachment":[{"href":"https:\/\/larrydance.com\/tienda\/wp-json\/wp\/v2\/media?parent=6703"}],"wp:term":[{"taxonomy":"product_brand","embeddable":true,"href":"https:\/\/larrydance.com\/tienda\/wp-json\/wp\/v2\/product_brand?post=6703"},{"taxonomy":"product_cat","embeddable":true,"href":"https:\/\/larrydance.com\/tienda\/wp-json\/wp\/v2\/product_cat?post=6703"},{"taxonomy":"product_tag","embeddable":true,"href":"https:\/\/larrydance.com\/tienda\/wp-json\/wp\/v2\/product_tag?post=6703"}],"curies":[{"name":"wp","href":"https:\/\/api.w.org\/{rel}","templated":true}]}}