{"id":6698,"date":"2011-08-05T00:00:57","date_gmt":"2011-08-04T22:00:57","guid":{"rendered":"http:\/\/www.larrydance.com\/?post_type=product&#038;p=6698"},"modified":"2024-01-01T18:00:22","modified_gmt":"2024-01-01T16:00:22","slug":"hielo-cenizas-barro-y-asfixia","status":"publish","type":"product","link":"https:\/\/larrydance.com\/tienda\/producto\/hielo-cenizas-barro-y-asfixia\/","title":{"rendered":"Hielo Cenizas Barro y Asfixia"},"content":{"rendered":"<p>Publicado el 5 de Agosto de 2011.<br \/>\nRe\u00fane los 16 temas de los cuatro discos de la cuatrilog\u00eda \u201cR\u00edos de \u2026\u201d e incluye 7 canciones in\u00e9ditas.<br \/>\nEl de 9 de Junio de 2010 surgi\u00f3 el nombre que finalmente titul\u00f3 el disco, inspirado en el paso de los cuatro r\u00edos:<\/p>\n<p>Cuatrilog\u00eda \u201cR\u00edos de \u2026\u201d<\/p>\n<p>Agua &gt; Hielo<br \/>\nFuego &gt; Cenizas<br \/>\nTierra &gt;Barro<br \/>\nAire &gt; Asfixia<\/p>\n<p>As\u00ed el LP terminar\u00eda llam\u00e1ndose \u201cHielo, Cenizas, Barro y Asfixia\u201d.<\/p>\n<p>Durante la composici\u00f3n del disco, Larry se hallaba en un momento complicado de su vida, tras una ruptura amorosa importante y diversos cambios laborales y sociales\u2026 as\u00ed que para elaborar el proyecto aunar\u00eda bases instrumentales de diversas \u00e9pocas pret\u00e9ritas y algunas de nueva composici\u00f3n (incluso trabajando con varios amigos m\u00fasicos que hicieron posible que el trabajo viera la luz con su apoyo) y pondr\u00eda a prueba diferentes t\u00e9cnicas de composici\u00f3n l\u00edrica y formas de canto.<\/p>\n<p>La inestimable ayuda de Sara, Mate, Kai y Ali en el control t\u00e9cnico posibilitaron la grabaci\u00f3n de las voces de los temas de Larry en el estudio de Parda 13 Records, sin ellos tampoco habr\u00eda podido conseguir ver la luz el disco.<\/p>\n","protected":false},"excerpt":{"rendered":"<p>Publicado el 5 de Agosto de 2011. Re\u00fane los 16 temas de los cuatro discos de la cuatrilog\u00eda \u201cR\u00edos de \u2026\u201d e incluye 7 canciones in\u00e9ditas. El de 9 de Junio de 2010 surgi\u00f3 el nombre que finalmente titul\u00f3 el disco, inspirado en el paso de los cuatro r\u00edos: Cuatrilog\u00eda \u201cR\u00edos de \u2026\u201d Agua &gt; [&hellip;]<\/p>\n","protected":false},"featured_media":6737,"comment_status":"open","ping_status":"closed","template":"","meta":[],"product_brand":[],"product_cat":[13],"product_tag":[],"class_list":{"0":"post-6698","1":"product","2":"type-product","3":"status-publish","4":"has-post-thumbnail","6":"product_cat-discos","8":"first","9":"instock","10":"shipping-taxable","11":"product-type-external"},"_links":{"self":[{"href":"https:\/\/larrydance.com\/tienda\/wp-json\/wp\/v2\/product\/6698","targetHints":{"allow":["GET"]}}],"collection":[{"href":"https:\/\/larrydance.com\/tienda\/wp-json\/wp\/v2\/product"}],"about":[{"href":"https:\/\/larrydance.com\/tienda\/wp-json\/wp\/v2\/types\/product"}],"replies":[{"embeddable":true,"href":"https:\/\/larrydance.com\/tienda\/wp-json\/wp\/v2\/comments?post=6698"}],"wp:featuredmedia":[{"embeddable":true,"href":"https:\/\/larrydance.com\/tienda\/wp-json\/wp\/v2\/media\/6737"}],"wp:attachment":[{"href":"https:\/\/larrydance.com\/tienda\/wp-json\/wp\/v2\/media?parent=6698"}],"wp:term":[{"taxonomy":"product_brand","embeddable":true,"href":"https:\/\/larrydance.com\/tienda\/wp-json\/wp\/v2\/product_brand?post=6698"},{"taxonomy":"product_cat","embeddable":true,"href":"https:\/\/larrydance.com\/tienda\/wp-json\/wp\/v2\/product_cat?post=6698"},{"taxonomy":"product_tag","embeddable":true,"href":"https:\/\/larrydance.com\/tienda\/wp-json\/wp\/v2\/product_tag?post=6698"}],"curies":[{"name":"wp","href":"https:\/\/api.w.org\/{rel}","templated":true}]}}