{"id":6696,"date":"2013-12-31T00:00:04","date_gmt":"2013-12-31T00:00:04","guid":{"rendered":"http:\/\/www.larrydance.com\/?post_type=product&#038;p=6696"},"modified":"2024-01-01T18:00:44","modified_gmt":"2024-01-01T16:00:44","slug":"xiii","status":"publish","type":"product","link":"https:\/\/larrydance.com\/tienda\/producto\/xiii\/","title":{"rendered":"XIII"},"content":{"rendered":"<p>Fue publicado el 31 de Diciembre de 2013, producido por Larry Dance, con varias colaboraciones de m\u00fasicos amigos, en las bases intrumentales y en las voces del disco.<\/p>\n<p>2013 fue un a\u00f1o especial para Larry Dance porque el n\u00famero lleva en su terminaci\u00f3n el final del c\u00f3digo de su barrio \u201cLas Delicias\u201d en Valladolid: 47.013. Se dar\u00edan varios factores especiales, llevaba 12 LPs publicados, por lo fue el LP n\u00ba 13 de su carrera musical. De ah\u00ed viene su t\u00edtulo escrito en n\u00fameros romanos: \u201cXIII\u201d (13 en caracteres \u00e1rabes). El disco cuenta con 13 temas, que fueron mostrados el d\u00eda 13 de cada mes a las 0.13h en el canal oficial de soundcloud.com. Se publicaron 12 temas mensuales y un bonus track para sumar los 13 temas previstos.<\/p>\n","protected":false},"excerpt":{"rendered":"<p>Tracklist:<\/p>\n<p>01 INSTROSPECCI\u00d3N<br \/>\n02 NI HAO MA (\u4f60\u597d\u5417?)<br \/>\n03 PADRES<br \/>\n04 FUGAZ<br \/>\n05 PERROS AMOS E INCONFORMES<br \/>\n06 HIMNOS SIN AUDIENCIA<br \/>\n07 AYER MA\u00d1ANA Y HOY<br \/>\n08 TREZE RAZONES<br \/>\n09 ROBAR \u2013 MENTIR \u2013 RE\u00cdR<br \/>\n10 S\u00d3LO UN CORDERITO M\u00c1S<br \/>\n11 HIP-NOSIS SOCIAL<br \/>\n12 A RELAXING CUP OF CAF\u00c9 CON LECHE<br \/>\n13 EN EL MISMO BORDILLO<\/p>\n","protected":false},"featured_media":6734,"comment_status":"open","ping_status":"closed","template":"","meta":[],"product_brand":[],"product_cat":[13],"product_tag":[],"class_list":{"0":"post-6696","1":"product","2":"type-product","3":"status-publish","4":"has-post-thumbnail","6":"product_cat-discos","8":"first","9":"instock","10":"shipping-taxable","11":"product-type-external"},"_links":{"self":[{"href":"https:\/\/larrydance.com\/tienda\/wp-json\/wp\/v2\/product\/6696","targetHints":{"allow":["GET"]}}],"collection":[{"href":"https:\/\/larrydance.com\/tienda\/wp-json\/wp\/v2\/product"}],"about":[{"href":"https:\/\/larrydance.com\/tienda\/wp-json\/wp\/v2\/types\/product"}],"replies":[{"embeddable":true,"href":"https:\/\/larrydance.com\/tienda\/wp-json\/wp\/v2\/comments?post=6696"}],"wp:featuredmedia":[{"embeddable":true,"href":"https:\/\/larrydance.com\/tienda\/wp-json\/wp\/v2\/media\/6734"}],"wp:attachment":[{"href":"https:\/\/larrydance.com\/tienda\/wp-json\/wp\/v2\/media?parent=6696"}],"wp:term":[{"taxonomy":"product_brand","embeddable":true,"href":"https:\/\/larrydance.com\/tienda\/wp-json\/wp\/v2\/product_brand?post=6696"},{"taxonomy":"product_cat","embeddable":true,"href":"https:\/\/larrydance.com\/tienda\/wp-json\/wp\/v2\/product_cat?post=6696"},{"taxonomy":"product_tag","embeddable":true,"href":"https:\/\/larrydance.com\/tienda\/wp-json\/wp\/v2\/product_tag?post=6696"}],"curies":[{"name":"wp","href":"https:\/\/api.w.org\/{rel}","templated":true}]}}