{"id":6692,"date":"2012-07-18T00:00:29","date_gmt":"2012-07-18T00:00:29","guid":{"rendered":"http:\/\/www.larrydance.com\/?post_type=product&#038;p=6692"},"modified":"2024-01-01T18:00:33","modified_gmt":"2024-01-01T16:00:33","slug":"mas-veneno-2012","status":"publish","type":"product","link":"https:\/\/larrydance.com\/tienda\/producto\/mas-veneno-2012\/","title":{"rendered":"M\u00e1s Veneno 2012"},"content":{"rendered":"<p>Fue publicado el 18 de Julio de 2012, co-producido por Larry Dance y Prol\u00edfiko.<\/p>\n<p>Las bases intrumentales fueron realizadas por ambos artistas.<br \/>\nProl\u00edfiko hizo las bases instrumentales de las canciones: 3, 5, 8, 10 y 14.<br \/>\nLarry Dance hizo las bases instrumentales de las canciones: 1, 2, 4, 6, 7, 9, 11, 12, 13, 15 y 16.<\/p>\n<p>La mezcla y el masterizado del trabajo lo realizar\u00eda Larry Dance en su estudio, arreglando las bases originales de Prol\u00edfiko, de tal modo que ambos estilos de producci\u00f3n quedaron equiparados en el trabajo final, enriqueciendo mucho el sonido del disco el hecho de producirlo entre ambos.<\/p>\n<p>Con salida prevista para el 12 de Mayo, tuvo que postponerse por motivos de salud y, finalmente, ver\u00eda la luz durante el verano.<\/p>\n<p>El disco es la segunda parte de su anterior trabajo conjunto: \u201cVeneno 2011\u2033, en esta ocasi\u00f3n, con una tem\u00e1tica apocal\u00edptica y devastadora, llena de odio hacia el sistema que nos imponen. Con canciones llenas de una fuerte carga emocional, extra\u00eddos de nuestras v\u00edsceras para tratar de desgarrar nuevamente algunas conciencias dormidas.<\/p>\n<p>Larry Dance grab\u00f3 las voces de los temas con Prol en Parda 13 Records. Adem\u00e1s, la inestimable ayuda de David Bomb\u00edn y Sara Carretero (en el control t\u00e9cnico de algunas grabaciones) posibilitaron la grabaci\u00f3n de las voces de los temas de Larry en el estudio de Parda 13 Records, sin ellos tampoco habr\u00eda podido ver la luz el disco.<\/p>\n","protected":false},"excerpt":{"rendered":"<p>Tracklist:<\/p>\n<p>01 BUGAS EN EL BARRIO (INTRO)<br \/>\n02 MENTIRA SEMPITERNA<br \/>\n03 ALARIDOS<br \/>\n04 CANTAR Y COSER<br \/>\n05 MINUTA PARA PUTAS<br \/>\n06 EL IMPERIO DE LOS HOMBRES<br \/>\n07 PILA DE CAD\u00c1VERES POP<br \/>\n08 ATACA<br \/>\n09 JADEOS<br \/>\n10 OSCURIDAD<br \/>\n11 DRUM AND DANCE<br \/>\n12 EL CHICO ANTISOCIAL<br \/>\n13 LOOP NUMBER ONE<br \/>\n14 M\u00cdRAME Y DIR\u00cdATE<br \/>\n15 PR\u00d3DIGOS<br \/>\n16 AMORFOSIS (OUTRO)<\/p>\n","protected":false},"featured_media":6738,"comment_status":"open","ping_status":"closed","template":"","meta":[],"product_brand":[],"product_cat":[13],"product_tag":[],"class_list":{"0":"post-6692","1":"product","2":"type-product","3":"status-publish","4":"has-post-thumbnail","6":"product_cat-discos","8":"first","9":"instock","10":"product-type-external"},"_links":{"self":[{"href":"https:\/\/larrydance.com\/tienda\/wp-json\/wp\/v2\/product\/6692","targetHints":{"allow":["GET"]}}],"collection":[{"href":"https:\/\/larrydance.com\/tienda\/wp-json\/wp\/v2\/product"}],"about":[{"href":"https:\/\/larrydance.com\/tienda\/wp-json\/wp\/v2\/types\/product"}],"replies":[{"embeddable":true,"href":"https:\/\/larrydance.com\/tienda\/wp-json\/wp\/v2\/comments?post=6692"}],"wp:featuredmedia":[{"embeddable":true,"href":"https:\/\/larrydance.com\/tienda\/wp-json\/wp\/v2\/media\/6738"}],"wp:attachment":[{"href":"https:\/\/larrydance.com\/tienda\/wp-json\/wp\/v2\/media?parent=6692"}],"wp:term":[{"taxonomy":"product_brand","embeddable":true,"href":"https:\/\/larrydance.com\/tienda\/wp-json\/wp\/v2\/product_brand?post=6692"},{"taxonomy":"product_cat","embeddable":true,"href":"https:\/\/larrydance.com\/tienda\/wp-json\/wp\/v2\/product_cat?post=6692"},{"taxonomy":"product_tag","embeddable":true,"href":"https:\/\/larrydance.com\/tienda\/wp-json\/wp\/v2\/product_tag?post=6692"}],"curies":[{"name":"wp","href":"https:\/\/api.w.org\/{rel}","templated":true}]}}